{"id":401,"date":"2023-09-27T15:32:11","date_gmt":"2023-09-27T13:32:11","guid":{"rendered":"https:\/\/vicom.datleek.com\/support\/"},"modified":"2025-03-19T20:42:08","modified_gmt":"2025-03-19T19:42:08","slug":"support","status":"publish","type":"page","link":"https:\/\/vicomtrade.cz\/en\/support\/","title":{"rendered":"SUPPORT"},"content":{"rendered":"\n<div style=\"height:30px\" aria-hidden=\"true\" class=\"wp-block-spacer\"><\/div>\n\n<h2 class=\"wp-block-heading\"><strong><mark style=\"background-color:rgba(0, 0, 0, 0);color:#1d395e\" class=\"has-inline-color\">Goods delivery<\/mark><\/strong><\/h2>\n\n<p class=\"light\">Your orders are being sent to your delivery address by parcel service. Information about a package delivery you find on delivery slip incl. tracking code of chosen delivery service. Delivery slip is being sent within package and separately for your information.<\/p>\n\n<div style=\"height:30px\" aria-hidden=\"true\" class=\"wp-block-spacer\"><\/div>\n\n<p class=\"has-24-font-size\"><strong><mark style=\"background-color:rgba(0, 0, 0, 0);color:#1d395e\" class=\"has-inline-color\">Track your delivery here:<\/mark><\/strong><\/p>\n    <div class=\"container\">\n        <div class=\"box-grid\">\n                            \n                <a href=\"https:\/\/www.ppl.cz\/vyhledat-zasilku\" target=\"_blank\" class=\"item\">\n                    <div class=\"logo-holder\">\n                        <img decoding=\"async\" src=\"https:\/\/vicomtrade.cz\/wp-content\/uploads\/2023\/09\/Image-24.svg\" alt=\"PPL Tracking\">                    <\/div>\n                    <h4>PPL Tracking<\/h4>\n\n                    <div class=\"btn\">\n                        <span class=\"bold\">package tracking<\/span><\/span>\n                    <\/div>\n                <\/a>\n\n                            \n                <a href=\"https:\/\/www.postaonline.cz\/trackandtrace\/-\/zasilka\" target=\"_blank\" class=\"item\">\n                    <div class=\"logo-holder\">\n                        <img decoding=\"async\" src=\"https:\/\/vicomtrade.cz\/wp-content\/uploads\/2023\/09\/Image-25.svg\" alt=\"Czech Post Track&amp;Trace\">                    <\/div>\n                    <h4>Czech Post Track&amp;Trace<\/h4>\n\n                    <div class=\"btn\">\n                        <span class=\"bold\">package tracking<\/span><\/span>\n                    <\/div>\n                <\/a>\n\n                            \n                <a href=\"https:\/\/www.dhl.com\/cz-en\/home\/tracking.html\" target=\"_blank\" class=\"item\">\n                    <div class=\"logo-holder\">\n                        <img decoding=\"async\" src=\"https:\/\/vicomtrade.cz\/wp-content\/uploads\/2023\/09\/Image-26.svg\" alt=\"DHL Tracking\">                    <\/div>\n                    <h4>DHL Tracking<\/h4>\n\n                    <div class=\"btn\">\n                        <span class=\"bold\">package tracking<\/span><\/span>\n                    <\/div>\n                <\/a>\n\n                            \n                <a href=\"https:\/\/www.dpd-business.at\/pll1.htm\" target=\"_blank\" class=\"item\">\n                    <div class=\"logo-holder\">\n                        <img decoding=\"async\" src=\"https:\/\/vicomtrade.cz\/wp-content\/uploads\/2023\/09\/2560px-DPD_logo_2015.svg.svg\" alt=\"DPD Tracking\">                    <\/div>\n                    <h4>DPD Tracking<\/h4>\n\n                    <div class=\"btn\">\n                        <span class=\"bold\">package tracking<\/span><\/span>\n                    <\/div>\n                <\/a>\n\n                            \n                <a href=\"https:\/\/www.fedex.com\/en-us\/tracking.html?link=1&ascend_header=1\" target=\"_blank\" class=\"item\">\n                    <div class=\"logo-holder\">\n                        <img decoding=\"async\" src=\"https:\/\/vicomtrade.cz\/wp-content\/uploads\/2023\/09\/Fedex-logo.svg\" alt=\"Fed-Ex Tracking\">                    <\/div>\n                    <h4>Fed-Ex Tracking<\/h4>\n\n                    <div class=\"btn\">\n                        <span class=\"bold\">package tracking<\/span><\/span>\n                    <\/div>\n                <\/a>\n\n                            \n                <a href=\"https:\/\/www.geis-group.cz\/cz\/Balikove-prepravy\" target=\"_blank\" class=\"item\">\n                    <div class=\"logo-holder\">\n                        <img decoding=\"async\" src=\"https:\/\/vicomtrade.cz\/wp-content\/uploads\/2023\/09\/Image-27.svg\" alt=\"Geis Tracking\">                    <\/div>\n                    <h4>Geis Tracking<\/h4>\n\n                    <div class=\"btn\">\n                        <span class=\"bold\">package tracking<\/span><\/span>\n                    <\/div>\n                <\/a>\n\n                            \n                <a href=\"https:\/\/tools.usps.com\/go\/TrackConfirmAction!input.action\" target=\"_blank\" class=\"item\">\n                    <div class=\"logo-holder\">\n                        <img decoding=\"async\" src=\"https:\/\/vicomtrade.cz\/wp-content\/uploads\/2023\/09\/usps_eagle-symbol.svg\" alt=\"USPS Tracking\">                    <\/div>\n                    <h4>USPS Tracking<\/h4>\n\n                    <div class=\"btn\">\n                        <span class=\"bold\">package tracking<\/span><\/span>\n                    <\/div>\n                <\/a>\n\n                            \n                <a href=\"https:\/\/www.tnt.com\/express\/cs_cz\/site\/shipping-tools\/tracking.html\" target=\"_blank\" class=\"item\">\n                    <div class=\"logo-holder\">\n                        <img decoding=\"async\" src=\"https:\/\/vicomtrade.cz\/wp-content\/uploads\/2023\/09\/TNT_Express_Logo.svg.svg\" alt=\"TNT Tracking\">                    <\/div>\n                    <h4>TNT Tracking<\/h4>\n\n                    <div class=\"btn\">\n                        <span class=\"bold\">package tracking<\/span><\/span>\n                    <\/div>\n                <\/a>\n\n                            \n                <a href=\"https:\/\/www.ups.com\/track?loc=en_US&requester=ST\/\" target=\"_blank\" class=\"item\">\n                    <div class=\"logo-holder\">\n                        <img decoding=\"async\" src=\"https:\/\/vicomtrade.cz\/wp-content\/uploads\/2023\/09\/402px-United_Parcel_Service_logo_2014.svg.svg\" alt=\"UPS Tracking\">                    <\/div>\n                    <h4>UPS Tracking<\/h4>\n\n                    <div class=\"btn\">\n                        <span class=\"bold\">package tracking<\/span><\/span>\n                    <\/div>\n                <\/a>\n\n                    <\/div>\n    <\/div>\n    \n\n<div style=\"height:130px\" aria-hidden=\"true\" class=\"wp-block-spacer\"><\/div>\n\n<p><a href=\"https:\/\/vicomtrade.cz\/wp-content\/uploads\/2025\/03\/F00023397_2024.pdf\" data-type=\"attachment\" data-id=\"418\" target=\"_blank\" rel=\"noreferrer noopener\">Osv\u011bd\u010den\u00ed o pln\u011bn\u00ed povinnost\u00ed podle z\u00e1kona \u010d. 477\/2001 Sb. about packaging<\/a> EKOKOM<\/p>\n\n<p><a href=\"https:\/\/vicomtrade.cz\/wp-content\/uploads\/2024\/04\/asekol-osvedceni-o-zapojeni-do-systemu-2024.pdf\" data-type=\"attachment\" data-id=\"420\" target=\"_blank\" rel=\"noreferrer noopener\">Osv\u011bd\u010den\u00ed o zapojen\u00ed do syst\u00e9mu pro odd\u011blen\u00fd sb\u011br a zp\u011btn\u00fd odb\u011br elektroza\u0159\u00edzen\u00ed a elektroodpadu dle z\u00e1kona \u010d. 185\/2001 Sb.<\/a> ASEKOL<\/p>\n\n<p>In case of any questions about the delivery types, please, contact us on our phones, fax or <a href=\"mailto:vct@vienna-trading.com\">e-mail<\/a>.<\/p>\n","protected":false},"excerpt":{"rendered":"<p>Goods delivery Your orders are being sent to your delivery address by parcel service. Information about a package delivery you find on delivery slip incl. tracking code of chosen delivery service. Delivery slip is being sent within package and separately for your information. Track your delivery here: Osv\u011bd\u010den\u00ed o pln\u011bn\u00ed povinnost\u00ed podle z\u00e1kona \u010d. 477\/2001 [&hellip;]<\/p>\n","protected":false},"author":2,"featured_media":0,"parent":0,"menu_order":101,"comment_status":"closed","ping_status":"closed","template":"page-gray-bg.php","meta":{"footnotes":""},"class_list":["post-401","page","type-page","status-publish","hentry"],"_links":{"self":[{"href":"https:\/\/vicomtrade.cz\/en\/wp-json\/wp\/v2\/pages\/401","targetHints":{"allow":["GET"]}}],"collection":[{"href":"https:\/\/vicomtrade.cz\/en\/wp-json\/wp\/v2\/pages"}],"about":[{"href":"https:\/\/vicomtrade.cz\/en\/wp-json\/wp\/v2\/types\/page"}],"author":[{"embeddable":true,"href":"https:\/\/vicomtrade.cz\/en\/wp-json\/wp\/v2\/users\/2"}],"replies":[{"embeddable":true,"href":"https:\/\/vicomtrade.cz\/en\/wp-json\/wp\/v2\/comments?post=401"}],"version-history":[{"count":6,"href":"https:\/\/vicomtrade.cz\/en\/wp-json\/wp\/v2\/pages\/401\/revisions"}],"predecessor-version":[{"id":15327,"href":"https:\/\/vicomtrade.cz\/en\/wp-json\/wp\/v2\/pages\/401\/revisions\/15327"}],"wp:attachment":[{"href":"https:\/\/vicomtrade.cz\/en\/wp-json\/wp\/v2\/media?parent=401"}],"curies":[{"name":"wp","href":"https:\/\/api.w.org\/{rel}","templated":true}]}}