{"id":428,"date":"2023-09-27T15:31:51","date_gmt":"2023-09-27T13:31:51","guid":{"rendered":"https:\/\/vicom.datleek.com\/contact\/"},"modified":"2025-08-18T03:15:04","modified_gmt":"2025-08-18T01:15:04","slug":"contact","status":"publish","type":"page","link":"https:\/\/vicomtrade.cz\/en\/contact\/","title":{"rendered":"CONTACT"},"content":{"rendered":"\n<p class=\"no-margin has-18-font-size\"><strong>Contact<\/strong><\/p>\n\n<h1 class=\"wp-block-heading\"><strong>VIENNA-COMPONENTS-TRADING, s.r.o.<\/strong><\/h1>\n\n<div style=\"height:40px\" aria-hidden=\"true\" class=\"wp-block-spacer\"><\/div>\n\n<div class=\"wp-block-columns is-layout-flex wp-container-core-columns-is-layout-9d6595d7 wp-block-columns-is-layout-flex\">\n<div class=\"wp-block-column bg-blue is-layout-flow wp-block-column-is-layout-flow\" style=\"flex-basis:45%\">\n<p><strong>Address<\/strong><\/p>\n\n\n\n<p class=\"light\">Mod\u0159\u00ednov\u00e1 578<br\/>Zru\u010d &#8211; Senec, 330 08, Czech Republic<\/p>\n<\/div>\n\n\n\n<div class=\"wp-block-column bg-blue is-layout-flow wp-block-column-is-layout-flow\" style=\"flex-basis:55%\">\n<p><strong>Phone<\/strong><\/p>\n\n\n\n<figure class=\"wp-block-table light\"><table><tbody><tr><td>+420 373 701 030<\/td><td>+420 373 701 032<\/td><\/tr><tr><td>+420 373 701 031<\/td><td>+420 377 824 986<\/td><\/tr><tr><td>FAX: +420 377 825 002<\/td><td><\/td><\/tr><\/tbody><\/table><\/figure>\n<\/div>\n<\/div>\n\n<div class=\"wp-block-columns is-layout-flex wp-container-core-columns-is-layout-9d6595d7 wp-block-columns-is-layout-flex\">\n<div class=\"wp-block-column bg-blue is-layout-flow wp-block-column-is-layout-flow\" style=\"flex-basis:45%\">\n<p><strong>E-mail<\/strong><\/p>\n\n\n\n<p>info@vicomtrade.cz<br\/>sales@vicomtrade.cz<br\/>vct@vicomtrade.cz<br\/>e-t-a@vicomtrade.cz<br\/>vct@vienna-trading.com<br\/>info@stepper-motor.eu<\/p>\n<\/div>\n\n\n\n<div class=\"wp-block-column bg-blue is-layout-flow wp-block-column-is-layout-flow\" style=\"flex-basis:55%\">\n<p class=\"no-margin\"><strong>Company information<\/strong><\/p>\n\n\n\n<div class=\"wp-block-columns no-margin is-layout-flex wp-container-core-columns-is-layout-9d6595d7 wp-block-columns-is-layout-flex\">\n<div class=\"wp-block-column is-layout-flow wp-block-column-is-layout-flow\" style=\"flex-basis:50%\">\n<p class=\"light\">Business ID: 61169854<\/p>\n<\/div>\n\n\n\n<div class=\"wp-block-column is-layout-flow wp-block-column-is-layout-flow\" style=\"flex-basis:50%\">\n<p class=\"light\">VAT ID: CZ61169854<\/p>\n<\/div>\n<\/div>\n\n\n\n<div class=\"wp-block-columns no-margin is-layout-flex wp-container-core-columns-is-layout-9d6595d7 wp-block-columns-is-layout-flex\">\n<div class=\"wp-block-column is-layout-flow wp-block-column-is-layout-flow\" style=\"flex-basis:100%\">\n<p class=\"light has-12-font-size\">The company is registered in the commercial register at the Chamber of Commerce in Pilsen, section C, insert 5344<\/p>\n<\/div>\n<\/div>\n<\/div>\n<\/div>\n\n<div style=\"height:20px\" aria-hidden=\"true\" class=\"wp-block-spacer\"><\/div>\n\n<div class=\"wp-block-columns white-bg no-margin is-layout-flex wp-container-core-columns-is-layout-9d6595d7 wp-block-columns-is-layout-flex\">\n<div class=\"wp-block-column is-layout-flow wp-block-column-is-layout-flow\">\n<h2 class=\"wp-block-heading\"><strong>Contact Us<\/strong><\/h2>\n\n\n\n<div style=\"height:30px\" aria-hidden=\"true\" class=\"wp-block-spacer\"><\/div>\n\n\n<p class=\"wpcf7-contact-form-not-found\"><strong>Error:<\/strong> Contact form not found.<\/p>\n<\/div>\n<\/div>\n","protected":false},"excerpt":{"rendered":"<p>Contact VIENNA-COMPONENTS-TRADING, s.r.o. Address Mod\u0159\u00ednov\u00e1 578Zru\u010d &#8211; Senec, 330 08, Czech Republic Phone +420 373 701 030 +420 373 701 032 +420 373 701 031 +420 377 824 986 FAX: +420 377 825 002 E-mail info@vicomtrade.czsales@vicomtrade.czvct@vicomtrade.cze-t-a@vicomtrade.czvct@vienna-trading.cominfo@stepper-motor.eu Company information Business ID: 61169854 VAT ID: CZ61169854 The company is registered in the commercial register at the Chamber [&hellip;]<\/p>\n","protected":false},"author":2,"featured_media":0,"parent":0,"menu_order":100,"comment_status":"closed","ping_status":"closed","template":"page-contact-page.php","meta":{"footnotes":""},"class_list":["post-428","page","type-page","status-publish","hentry"],"_links":{"self":[{"href":"https:\/\/vicomtrade.cz\/en\/wp-json\/wp\/v2\/pages\/428","targetHints":{"allow":["GET"]}}],"collection":[{"href":"https:\/\/vicomtrade.cz\/en\/wp-json\/wp\/v2\/pages"}],"about":[{"href":"https:\/\/vicomtrade.cz\/en\/wp-json\/wp\/v2\/types\/page"}],"author":[{"embeddable":true,"href":"https:\/\/vicomtrade.cz\/en\/wp-json\/wp\/v2\/users\/2"}],"replies":[{"embeddable":true,"href":"https:\/\/vicomtrade.cz\/en\/wp-json\/wp\/v2\/comments?post=428"}],"version-history":[{"count":9,"href":"https:\/\/vicomtrade.cz\/en\/wp-json\/wp\/v2\/pages\/428\/revisions"}],"predecessor-version":[{"id":17996,"href":"https:\/\/vicomtrade.cz\/en\/wp-json\/wp\/v2\/pages\/428\/revisions\/17996"}],"wp:attachment":[{"href":"https:\/\/vicomtrade.cz\/en\/wp-json\/wp\/v2\/media?parent=428"}],"curies":[{"name":"wp","href":"https:\/\/api.w.org\/{rel}","templated":true}]}}